{"id":17003,"date":"2025-06-01T16:01:56","date_gmt":"2025-06-01T14:01:56","guid":{"rendered":"https:\/\/wptest.divikom.eu\/p\/stahlschrank-mit-fluegeltueren-120-cm-breit-us1201s\/"},"modified":"2026-02-07T14:51:32","modified_gmt":"2026-02-07T13:51:32","slug":"satni-skrin-s-kridlovymi-dvermi-sirka-120-cm-us1201s","status":"publish","type":"product","link":"https:\/\/www.divikom.eu\/cs\/p\/stahlschrank-mit-fluegeltueren-120-cm-breit-us1201s\/","title":{"rendered":"Ocelov\u00e1 sk\u0159\u00ed\u0148 s k\u0159\u00eddlov\u00fdmi dve\u0159mi, \u0161\u00ed\u0159ka 120 cm, v\u00fd\u0161ka 1950 mm"},"content":{"rendered":"<p>1950 \u00d7 1200 \u00d7 400 mm (V \u00d7 \u0160 \u00d7 H), sva\u0159ovan\u00e1 konstrukce, sokl vysok\u00fd 80 mm, 4\u00d7 lakovan\u00e1 police, v\u00fd\u0161kov\u011b staviteln\u00e9 v rastru po 25 mm, nosnost 60 kg\/police, t\u0159\u00edbodov\u00e9 uzamyk\u00e1n\u00ed, cylindrick\u00fd z\u00e1mek s oto\u010dnou klikou, dve\u0159e sk\u0159\u00edn\u011b zes\u00edlen\u00e9 uprost\u0159ed, korpus\/dve\u0159e RAL 7035 sv\u011btle \u0161ed\u00e1, pr\u00e1\u0161kov\u011b lakov\u00e1no<\/p>","protected":false},"excerpt":{"rendered":"<p>1950 \u00d7 1200 \u00d7 400 mm (V \u00d7 \u0160 \u00d7 H), sva\u0159ovan\u00e1 konstrukce, sokl vysok\u00fd 80 mm, 4\u00d7 lakovan\u00e1 police, v\u00fd\u0161kov\u011b staviteln\u00e9 v rastru po 25 mm, nosnost 60 kg\/police, t\u0159\u00edbodov\u00e9 uzamyk\u00e1n\u00ed, cylindrick\u00fd z\u00e1mek s oto\u010dnou klikou, dve\u0159e sk\u0159\u00edn\u011b zes\u00edlen\u00e9 uprost\u0159ed, korpus\/dve\u0159e RAL 7035 sv\u011btle \u0161ed\u00e1, pr\u00e1\u0161kov\u011b lakov\u00e1no<\/p>","protected":false},"featured_media":16983,"comment_status":"open","ping_status":"closed","template":"","meta":[],"product_brand":[544],"product_cat":[588,415],"product_tag":[],"class_list":{"0":"post-17003","1":"product","2":"type-product","3":"status-publish","4":"has-post-thumbnail","6":"product_brand-divikom-stahlmoebel","7":"product_cat-bueroschraenke-metall","8":"product_cat-universalschraenke","9":"product_shipping_class-europa","10":"pa_breite-1200-mm","11":"pa_hoehe-406","12":"pa_lieferung-standard-programm","14":"first","15":"instock","16":"taxable","17":"shipping-taxable","18":"purchasable","19":"product-type-simple"},"_links":{"self":[{"href":"https:\/\/www.divikom.eu\/cs\/wp-json\/wp\/v2\/product\/17003","targetHints":{"allow":["GET"]}}],"collection":[{"href":"https:\/\/www.divikom.eu\/cs\/wp-json\/wp\/v2\/product"}],"about":[{"href":"https:\/\/www.divikom.eu\/cs\/wp-json\/wp\/v2\/types\/product"}],"replies":[{"embeddable":true,"href":"https:\/\/www.divikom.eu\/cs\/wp-json\/wp\/v2\/comments?post=17003"}],"wp:featuredmedia":[{"embeddable":true,"href":"https:\/\/www.divikom.eu\/cs\/wp-json\/wp\/v2\/media\/16983"}],"wp:attachment":[{"href":"https:\/\/www.divikom.eu\/cs\/wp-json\/wp\/v2\/media?parent=17003"}],"wp:term":[{"taxonomy":"product_brand","embeddable":true,"href":"https:\/\/www.divikom.eu\/cs\/wp-json\/wp\/v2\/product_brand?post=17003"},{"taxonomy":"product_cat","embeddable":true,"href":"https:\/\/www.divikom.eu\/cs\/wp-json\/wp\/v2\/product_cat?post=17003"},{"taxonomy":"product_tag","embeddable":true,"href":"https:\/\/www.divikom.eu\/cs\/wp-json\/wp\/v2\/product_tag?post=17003"}],"curies":[{"name":"wp","href":"https:\/\/api.w.org\/{rel}","templated":true}]}}